{"id":24,"date":"2021-09-05T11:35:26","date_gmt":"2021-09-05T11:35:26","guid":{"rendered":"https:\/\/alikamburoglu.com.tr\/?page_id=24"},"modified":"2021-09-11T10:50:19","modified_gmt":"2021-09-11T10:50:19","slug":"ali-kamburoglu","status":"publish","type":"page","link":"https:\/\/alikamburoglu.com.tr\/en\/ali-kamburoglu\/","title":{"rendered":"Ali Kamburo\u011flu"},"content":{"rendered":"<p><div class=\"onehalf no-padding\" style=\"text-align:;\"><img loading=\"lazy\" decoding=\"async\" class=\"alignnone wp-image-1221 size-medium\" src=\"\/wp-content\/uploads\/2021\/09\/alikamburoglu-profil.jpg\" alt=\"\" width=\"420\" height=\"276\" \/><\/div><div class=\"one_half_last \" style=\"text-align:;\"><\/p>\n<h4>Ali KAMBURO\u011eLU<\/h4>\n<p>&#8211; Honorary Consul of Sri Lanka in Antalya<\/p>\n<p>&#8211; ALS\u0130AD* Chairman of the Board<br \/>\n&#8211; ALTSO**\u00a0 Vice President<br \/>\n&#8211; Owner, Kamburo\u011flu Yap\u0131 Malzemeleri A.\u015e.<br \/>\n&#8211; Owner, Appt Hotel Blue Heaven, Alanya<\/p>\n<p><\/div><div class=\"clear\"><\/div><div class=\"divider_space\" style=\"height: px;\"><\/div><div class=\"clear\"><\/div><em>* Alanya Industrialists and Businessmen Association, ** Alanya Chamber of Commerce and Industry<\/em><\/p>\n<p><div class=\"divider\"><\/div> 11 Eyl\u00fcl 1971 Antalya do\u011fumludur. \u0130lk\u00f6\u011fretim e\u011fitimini Alanya Atat\u00fcrk \u0130lk\u00f6\u011fretim Okulunda, ortaokul ve lise e\u011fitimini Alanya Hamdullah Emin Pa\u015fa Kolejinde tamamlam\u0131\u015ft\u0131r. \u00dcniversite e\u011fitimini Bilkent \u00dcniversitesi \u0130\u00e7 Mimari ve \u00c7evre Tasar\u0131m\u0131 b\u00f6l\u00fcm\u00fcnden mezun olarak tamamlam\u0131\u015ft\u0131r.<\/p>\n<p>\u00dcniversite e\u011fitiminden sonra, i\u00e7 mimarl\u0131k mesle\u011fini 3 y\u0131l Alanya\u2019 da devam ettirmi\u015f, daha sonra 1965 y\u0131l\u0131nda kurulan aile \u015firketi Kamburo\u011flu Yap\u0131 Malz. A.\u015e.\u2019 de babas\u0131 H\u00fcseyin Kamburo\u011flu\u2019 nun tavsiyesi ile \u00e7ocukluktan beri i\u00e7inde oldu\u011fu i\u015f hayat\u0131na devam etmi\u015ftir.<\/p>\n<p>2013 ve 2018 y\u0131llar\u0131nda yap\u0131lan Alanya Ticaret ve Sanayi Odas\u0131 se\u00e7imlerinde meclise girerek her iki d\u00f6nemde Y\u00f6netim Kurulu \u00dcyeli\u011fi yapm\u0131\u015ft\u0131r ve \u015fu an da ALTSO Ba\u015fkan Yard\u0131mc\u0131l\u0131\u011f\u0131 g\u00f6revini de devam ettirmektedir.<\/p>\n<p>Ayn\u0131 zamanda T\u0130MDER (T\u00fcrkiye \u0130n\u015faat Malz. Der.) \u00fcyeli\u011fi de devam etmektedir.<\/p>\n<p>Yap\u0131 malzemeleri sat\u0131\u015f\u0131, otel i\u015fletmecili\u011fi ve m\u00fcteahhitlik sekt\u00f6r\u00fcnde yer alan Ali KAMBURO\u011eLU evli ve iki erkek \u00e7ocuk babas\u0131d\u0131r.<\/p>\n","protected":false},"excerpt":{"rendered":"<p><em>* Alanya Industrialists and Businessmen Association, ** Alanya Chamber of Commerce and Industry<\/em><\/p>\n<p> 11 Eyl\u00fcl 1971 Antalya do\u011fumludur. \u0130lk\u00f6\u011fretim e\u011fitimini Alanya Atat\u00fcrk<\/p>\n","protected":false},"author":1,"featured_media":0,"parent":0,"menu_order":0,"comment_status":"closed","ping_status":"closed","template":"","meta":{"footnotes":""},"_links":{"self":[{"href":"https:\/\/alikamburoglu.com.tr\/en\/wp-json\/wp\/v2\/pages\/24"}],"collection":[{"href":"https:\/\/alikamburoglu.com.tr\/en\/wp-json\/wp\/v2\/pages"}],"about":[{"href":"https:\/\/alikamburoglu.com.tr\/en\/wp-json\/wp\/v2\/types\/page"}],"author":[{"embeddable":true,"href":"https:\/\/alikamburoglu.com.tr\/en\/wp-json\/wp\/v2\/users\/1"}],"replies":[{"embeddable":true,"href":"https:\/\/alikamburoglu.com.tr\/en\/wp-json\/wp\/v2\/comments?post=24"}],"version-history":[{"count":19,"href":"https:\/\/alikamburoglu.com.tr\/en\/wp-json\/wp\/v2\/pages\/24\/revisions"}],"predecessor-version":[{"id":153,"href":"https:\/\/alikamburoglu.com.tr\/en\/wp-json\/wp\/v2\/pages\/24\/revisions\/153"}],"wp:attachment":[{"href":"https:\/\/alikamburoglu.com.tr\/en\/wp-json\/wp\/v2\/media?parent=24"}],"curies":[{"name":"wp","href":"https:\/\/api.w.org\/{rel}","templated":true}]}}