{"id":17,"date":"2021-09-05T10:59:37","date_gmt":"2021-09-05T10:59:37","guid":{"rendered":"https:\/\/alikamburoglu.com.tr\/?page_id=17"},"modified":"2021-09-07T16:11:57","modified_gmt":"2021-09-07T16:11:57","slug":"iletisim","status":"publish","type":"page","link":"https:\/\/alikamburoglu.com.tr\/en\/iletisim\/","title":{"rendered":"Contact"},"content":{"rendered":"<p><strong>AL\u0130 KAMBURO\u011eLU<\/strong> Honorary Consulate of\u00a0 Sri Lanka in Antalya<br \/>\n<div class=\"divider_two_lines\"><\/div><br \/>\n<div class=\"onehalf \" style=\"text-align:;\">Kamburo\u011flu Yap\u0131 Malzemeleri A.\u015e.<br \/>\n\u00c7evreyolu Cad. Metro Kav\u015fa\u011f\u0131, No: 11<br \/>\nObag\u00f6l &#8211; 07400 Alanya \/ Antalya<br \/>\nTurkey <\/div><div class=\"one_half_last \" style=\"text-align:;\">Phone: <a href=\"tel:+902425144242\">+90 242 514 42 42<\/a> (pbx)<br \/>\nFax: +90 242 514 42 00<br \/>\n<a href=\"mailto:srilanka@alikamburoglu.com.tr\">srilanka@alikamburoglu.com.tr<\/a><\/div><div class=\"clear\"><\/div><\/p>\n<p><div class=\"divider\"><\/div><br \/>\n\n<div class=\"wpcf7 no-js\" id=\"wpcf7-f19-o1\" lang=\"en-US\" dir=\"ltr\">\n<div class=\"screen-reader-response\"><p role=\"status\" aria-live=\"polite\" aria-atomic=\"true\"><\/p> <ul><\/ul><\/div>\n<form action=\"\/en\/wp-json\/wp\/v2\/pages\/17#wpcf7-f19-o1\" method=\"post\" class=\"wpcf7-form init\" aria-label=\"Contact form\" novalidate=\"novalidate\" data-status=\"init\">\n<div style=\"display: none;\">\n<input type=\"hidden\" name=\"_wpcf7\" value=\"19\" \/>\n<input type=\"hidden\" name=\"_wpcf7_version\" value=\"5.8.7\" \/>\n<input type=\"hidden\" name=\"_wpcf7_locale\" value=\"en_US\" \/>\n<input type=\"hidden\" name=\"_wpcf7_unit_tag\" value=\"wpcf7-f19-o1\" \/>\n<input type=\"hidden\" name=\"_wpcf7_container_post\" value=\"0\" \/>\n<input type=\"hidden\" name=\"_wpcf7_posted_data_hash\" value=\"\" \/>\n<input type=\"hidden\" name=\"_wpcf7_recaptcha_response\" value=\"\" \/>\n<\/div>\n<div class=\"onehalf \" style=\"text-align:;\"><span class=\"wpcf7-form-control-wrap\" data-name=\"your-name\"><input size=\"40\" class=\"wpcf7-form-control wpcf7-text wpcf7-validates-as-required\" aria-required=\"true\" aria-invalid=\"false\" placeholder=\"Name*\" value=\"\" type=\"text\" name=\"your-name\" \/><\/span><\/div>\n<div class=\"one_half_last \" style=\"text-align:;\"><span class=\"wpcf7-form-control-wrap\" data-name=\"your-email\"><input size=\"40\" class=\"wpcf7-form-control wpcf7-email wpcf7-validates-as-required wpcf7-text wpcf7-validates-as-email\" aria-required=\"true\" aria-invalid=\"false\" placeholder=\"Email*\" value=\"\" type=\"email\" name=\"your-email\" \/><\/span><\/div><div class=\"clear\"><\/div>\n<div class=\"onefull \" style=\"text-align:;\"><span class=\"wpcf7-form-control-wrap\" data-name=\"your-subject\"><input size=\"40\" class=\"wpcf7-form-control wpcf7-text wpcf7-validates-as-required\" aria-required=\"true\" aria-invalid=\"false\" placeholder=\"Subject*\" value=\"\" type=\"text\" name=\"your-subject\" \/><\/span><\/div>\n<div class=\"onefull \" style=\"text-align:;\"><span class=\"wpcf7-form-control-wrap\" data-name=\"your-message\"><textarea cols=\"40\" rows=\"4\" class=\"wpcf7-form-control wpcf7-textarea wpcf7-validates-as-required\" aria-required=\"true\" aria-invalid=\"false\" placeholder=\"Message*\" name=\"your-message\"><\/textarea><\/span><\/div> \n<input class=\"wpcf7-form-control wpcf7-submit has-spinner\" type=\"submit\" value=\"Send\" \/><div class=\"wpcf7-response-output\" aria-hidden=\"true\"><\/div>\n<\/form>\n<\/div>\n<\/p>\n","protected":false},"excerpt":{"rendered":"<p><strong>AL\u0130 KAMBURO\u011eLU<\/strong> Honorary Consulate of\u00a0 Sri Lanka in Antalya<\/p>\n","protected":false},"author":1,"featured_media":0,"parent":0,"menu_order":0,"comment_status":"closed","ping_status":"closed","template":"","meta":{"footnotes":""},"_links":{"self":[{"href":"https:\/\/alikamburoglu.com.tr\/en\/wp-json\/wp\/v2\/pages\/17"}],"collection":[{"href":"https:\/\/alikamburoglu.com.tr\/en\/wp-json\/wp\/v2\/pages"}],"about":[{"href":"https:\/\/alikamburoglu.com.tr\/en\/wp-json\/wp\/v2\/types\/page"}],"author":[{"embeddable":true,"href":"https:\/\/alikamburoglu.com.tr\/en\/wp-json\/wp\/v2\/users\/1"}],"replies":[{"embeddable":true,"href":"https:\/\/alikamburoglu.com.tr\/en\/wp-json\/wp\/v2\/comments?post=17"}],"version-history":[{"count":9,"href":"https:\/\/alikamburoglu.com.tr\/en\/wp-json\/wp\/v2\/pages\/17\/revisions"}],"predecessor-version":[{"id":55,"href":"https:\/\/alikamburoglu.com.tr\/en\/wp-json\/wp\/v2\/pages\/17\/revisions\/55"}],"wp:attachment":[{"href":"https:\/\/alikamburoglu.com.tr\/en\/wp-json\/wp\/v2\/media?parent=17"}],"curies":[{"name":"wp","href":"https:\/\/api.w.org\/{rel}","templated":true}]}}