{"id":10,"date":"2021-09-03T17:08:10","date_gmt":"2021-09-03T17:08:10","guid":{"rendered":"https:\/\/alikamburoglu.com.tr\/?page_id=10"},"modified":"2021-09-10T13:16:19","modified_gmt":"2021-09-10T13:16:19","slug":"anasayfa","status":"publish","type":"page","link":"https:\/\/alikamburoglu.com.tr\/en\/","title":{"rendered":"Home"},"content":{"rendered":"<p>\t\r\n<div class=\"jcarousel_container\">\r\n<div class=\"home_posts_title\" style=\"background-color: #;\"><h2>\r\n<a href=\"?cat=1\">Recent News<\/a>\r\n<\/h2><\/div>\r\n<ul class=\"jcarousel-skin-tango\">\r\n\t\t\t\t\r\n\t\t<li>\r\n\t\t<div class=\"carousel_post format_video\">\r\n\r\n\t\t<div class=\"post_format_box\">\r\n\t\t\r\n\t\t\t\t\r\n\t\t\t\t\r\n\t\t\t\t<div class=\"video_format\"><\/div>\r\n\t\t\t\t\r\n\t\t\t\t\r\n        <\/div>\r\n\t\t\r\n\r\n\t\t\r\n\t\t\t\t\r\n\t\t\r\n\t\t\r\n\t\t\t\r\n\t    \r\n\t\t\t\t    <iframe loading=\"lazy\" width=\"280\" height=\"180\" src=\"http:\/\/www.youtube.com\/embed\/OFU4lDnBxd4\"><\/iframe>\r\n\t\t\t\t\r\n        \r\n\t\t\r\n\t\t\t\t\r\n\t\t\r\n\t\t\r\n\t\t\t\t<div class=\"clear\"><\/div>\r\n\t\t\r\n\t\t<h1><a href=\"https:\/\/alikamburoglu.com.tr\/en\/haberler\/sri-lanka-fahri-konsoloslugu-antalyada-acildi\/\" title=\"Office of Honorary Consulate of Sri Lanka inaugurated in Antalya, Turkey\" >Office of Honorary Consulate of Sri Lanka inaugurated in Antalya, Turkey &raquo;<\/a><\/h1>\r\n\t  \r\n\t    <div class=\"post_meta_line\" style=\"\">\r\n\t\t    <span class=\"post_time\">Date: 24\/01\/22<\/span> \r\n\t\t\t<span class=\"post_category\">In: <a href=\"https:\/\/alikamburoglu.com.tr\/en\/category\/haberler\/\" rel=\"tag\">News<\/a><\/span>\r\n\t\t<\/div> \r\n\t\t\r\n\t\t\t\t\t    <div class=\"post_excerpt\">\r\n\t    ALTSO Vice President Ali Kamburo\u011flu became the Honorary Consul of Sri Lanka in Antalya. Businessperson Kamburo\u011flu, who is also the President of Alanya Industrialists' and Businessmen's Association (ALS\u0130AD), covers Burdur and Isparta as well as Antalya.        <\/div>\r\n        \t\t\r\n        <\/div>\r\n\t    <\/li>\r\n\t   \r\n\t\t\t\r\n\t\t<li>\r\n\t\t<div class=\"carousel_post format_post\">\r\n\r\n\t\t<div class=\"post_format_box\">\r\n\t\t\r\n\t\t\t\t<div class=\"post_format\"><\/div>\r\n        \t\t\r\n\t\t\t\t\r\n\t\t\t\t\r\n\t\t\t\t\r\n        <\/div>\r\n\t\t\r\n\r\n\t\t\r\n\t\t\t\t\t\t\t\t\r\n\t\t\r\n        <a href=\"https:\/\/alikamburoglu.com.tr\/en\/haberler\/alanyanin-is-insanlarindan-30-agustos-mesaji\/\" title=\"30 August message from Alanya&#8217;s business people\">\r\n\t\t        <img decoding=\"async\" src=\"https:\/\/alikamburoglu.com.tr\/wp-content\/uploads\/2021\/09\/alanya_nin_is_insanlarindan_30_agustos_mesaji-280x180.jpg\" alt=\"30 August message from Alanya&#8217;s business people\" title=\"30 August message from Alanya&#8217;s business people\"\/>\r\n        <\/a>\r\n\t\t\r\n        \t\t\t\t\r\n\t\t\r\n\t\t\r\n\t\t\r\n\t\t\t\t\r\n\t\t\r\n\t\t\r\n\t\t\t\t<div class=\"clear\"><\/div>\r\n\t\t\r\n\t\t<h1><a href=\"https:\/\/alikamburoglu.com.tr\/en\/haberler\/alanyanin-is-insanlarindan-30-agustos-mesaji\/\" title=\"30 August message from Alanya&#8217;s business people\" >30 August message from Alanya&#8217;s business people &raquo;<\/a><\/h1>\r\n\t  \r\n\t    <div class=\"post_meta_line\" style=\"\">\r\n\t\t    <span class=\"post_time\">Date: 29\/08\/21<\/span> \r\n\t\t\t<span class=\"post_category\">In: <a href=\"https:\/\/alikamburoglu.com.tr\/en\/category\/duyurular\/\" rel=\"tag\">Announcements<\/a>, <a href=\"https:\/\/alikamburoglu.com.tr\/en\/category\/haberler\/\" rel=\"tag\">News<\/a><\/span>\r\n\t\t<\/div> \r\n\t\t\r\n\t\t\t\t\t    <div class=\"post_excerpt\">\r\n\t    ALS\u0130AD Chairman of the Board Ali Kamburo\u011flu made a press statement regarding the August 30 Victory Day.        <\/div>\r\n        \t\t\r\n        <\/div>\r\n\t    <\/li>\r\n\t   \r\n\t\t\t\r\n\t\t<li>\r\n\t\t<div class=\"carousel_post format_post\">\r\n\r\n\t\t<div class=\"post_format_box\">\r\n\t\t\r\n\t\t\t\t<div class=\"post_format\"><\/div>\r\n        \t\t\r\n\t\t\t\t\r\n\t\t\t\t\r\n\t\t\t\t\r\n        <\/div>\r\n\t\t\r\n\r\n\t\t\r\n\t\t\t\t\t\t\t\t\r\n\t\t\r\n        <a href=\"https:\/\/alikamburoglu.com.tr\/en\/haberler\/alsiad-12-donem-yonetim-kurulu-uyelerine-kahvalti-daveti-verdi\/\" title=\"ALS\u0130AD 12th Term Board of Directors Invited its Members to Breakfast\">\r\n\t\t        <img decoding=\"async\" src=\"https:\/\/alikamburoglu.com.tr\/wp-content\/uploads\/2021\/09\/234088648_2257555911041590_4021832498037594169_n-280x180.jpg\" alt=\"ALS\u0130AD 12th Term Board of Directors Invited its Members to Breakfast\" title=\"ALS\u0130AD 12th Term Board of Directors Invited its Members to Breakfast\"\/>\r\n        <\/a>\r\n\t\t\r\n        \t\t\t\t\r\n\t\t\r\n\t\t\r\n\t\t\r\n\t\t\t\t\r\n\t\t\r\n\t\t\r\n\t\t\t\t<div class=\"clear\"><\/div>\r\n\t\t\r\n\t\t<h1><a href=\"https:\/\/alikamburoglu.com.tr\/en\/haberler\/alsiad-12-donem-yonetim-kurulu-uyelerine-kahvalti-daveti-verdi\/\" title=\"ALS\u0130AD 12th Term Board of Directors Invited its Members to Breakfast\" >ALS\u0130AD 12th Term Board of Directors Invited its Members to Breakfast &raquo;<\/a><\/h1>\r\n\t  \r\n\t    <div class=\"post_meta_line\" style=\"\">\r\n\t\t    <span class=\"post_time\">Date: 13\/08\/21<\/span> \r\n\t\t\t<span class=\"post_category\">In: <a href=\"https:\/\/alikamburoglu.com.tr\/en\/category\/haberler\/\" rel=\"tag\">News<\/a><\/span>\r\n\t\t<\/div> \r\n\t\t\r\n\t\t\t\t\t    <div class=\"post_excerpt\">\r\n\t    ALS\u0130AD Chairman of the Board of Directors Ali KAMBURO\u011eLU and his new Management gave a breakfast invitation to ALS\u0130AD Members at Alanya Barbecue Restaurant.        <\/div>\r\n        \t\t\r\n        <\/div>\r\n\t    <\/li>\r\n\t   \r\n\t\t\t\r\n\t\t<li>\r\n\t\t<div class=\"carousel_post format_post\">\r\n\r\n\t\t<div class=\"post_format_box\">\r\n\t\t\r\n\t\t\t\t<div class=\"post_format\"><\/div>\r\n        \t\t\r\n\t\t\t\t\r\n\t\t\t\t\r\n\t\t\t\t\r\n        <\/div>\r\n\t\t\r\n\r\n\t\t\r\n\t\t\t\t\t\t\t\t\r\n\t\t\r\n        <a href=\"https:\/\/alikamburoglu.com.tr\/en\/haberler\/cocopeat-ile-alanyada-tarima-destek-olunacak\/\" title=\"Agriculture will be supported in Alanya with Cocopeat\">\r\n\t\t        <img decoding=\"async\" src=\"https:\/\/alikamburoglu.com.tr\/wp-content\/uploads\/2021\/09\/cocopeat-ile-alanya-da-tarima-destek-olunacak-280x180.jpeg\" alt=\"Agriculture will be supported in Alanya with Cocopeat\" title=\"Agriculture will be supported in Alanya with Cocopeat\"\/>\r\n        <\/a>\r\n\t\t\r\n        \t\t\t\t\r\n\t\t\r\n\t\t\r\n\t\t\r\n\t\t\t\t\r\n\t\t\r\n\t\t\r\n\t\t\t\t<div class=\"clear\"><\/div>\r\n\t\t\r\n\t\t<h1><a href=\"https:\/\/alikamburoglu.com.tr\/en\/haberler\/cocopeat-ile-alanyada-tarima-destek-olunacak\/\" title=\"Agriculture will be supported in Alanya with Cocopeat\" >Agriculture will be supported in Alanya with Cocopeat &raquo;<\/a><\/h1>\r\n\t  \r\n\t    <div class=\"post_meta_line\" style=\"\">\r\n\t\t    <span class=\"post_time\">Date: 08\/07\/21<\/span> \r\n\t\t\t<span class=\"post_category\">In: <a href=\"https:\/\/alikamburoglu.com.tr\/en\/category\/haberler\/\" rel=\"tag\">News<\/a>, <a href=\"https:\/\/alikamburoglu.com.tr\/en\/category\/one-cikan\/\" rel=\"tag\">Featured<\/a><\/span>\r\n\t\t<\/div> \r\n\t\t\r\n\t\t\t\t\t    <div class=\"post_excerpt\">\r\n\t    Stating in Gevrek Muhabbet that they will work to strengthen commercial relations with Sri Lanka, Kamburo\u011flu stated that they are considering importing a substance called 'Cocopeat' in order to reduce the use of water in agriculture.        <\/div>\r\n        \t\t\r\n        <\/div>\r\n\t    <\/li>\r\n\t   \r\n\t\t\t\r\n\t\t<li>\r\n\t\t<div class=\"carousel_post format_post\">\r\n\r\n\t\t<div class=\"post_format_box\">\r\n\t\t\r\n\t\t\t\t<div class=\"post_format\"><\/div>\r\n        \t\t\r\n\t\t\t\t\r\n\t\t\t\t\r\n\t\t\t\t\r\n        <\/div>\r\n\t\t\r\n\r\n\t\t\r\n\t\t\t\t\t\t\t\t\r\n\t\t\r\n        <a href=\"https:\/\/alikamburoglu.com.tr\/en\/haberler\/alanyanin-yeni-fahri-konsolosu-belli-oldu\/\" title=\"Alanya&#8217;s new honorary consul announced\">\r\n\t\t        <img decoding=\"async\" src=\"https:\/\/alikamburoglu.com.tr\/wp-content\/uploads\/2021\/09\/alanya_nin_yeni_fahri_konsolosu_belli_oldu-280x180.jpg\" alt=\"Alanya&#8217;s new honorary consul announced\" title=\"Alanya&#8217;s new honorary consul announced\"\/>\r\n        <\/a>\r\n\t\t\r\n        \t\t\t\t\r\n\t\t\r\n\t\t\r\n\t\t\r\n\t\t\t\t\r\n\t\t\r\n\t\t\r\n\t\t\t\t<div class=\"clear\"><\/div>\r\n\t\t\r\n\t\t<h1><a href=\"https:\/\/alikamburoglu.com.tr\/en\/haberler\/alanyanin-yeni-fahri-konsolosu-belli-oldu\/\" title=\"Alanya&#8217;s new honorary consul announced\" >Alanya&#8217;s new honorary consul announced &raquo;<\/a><\/h1>\r\n\t  \r\n\t    <div class=\"post_meta_line\" style=\"\">\r\n\t\t    <span class=\"post_time\">Date: 05\/07\/21<\/span> \r\n\t\t\t<span class=\"post_category\">In: <a href=\"https:\/\/alikamburoglu.com.tr\/en\/category\/duyurular\/\" rel=\"tag\">Announcements<\/a>, <a href=\"https:\/\/alikamburoglu.com.tr\/en\/category\/haberler\/\" rel=\"tag\">News<\/a>, <a href=\"https:\/\/alikamburoglu.com.tr\/en\/category\/one-cikan\/\" rel=\"tag\">Featured<\/a><\/span>\r\n\t\t<\/div> \r\n\t\t\r\n\t\t\t\t\t    <div class=\"post_excerpt\">\r\n\t    ALTSO Vice President Ali Kamburo\u011flu became the Honorary Consul of Sri Lanka in Antalya. Businessperson Kamburo\u011flu, who is also the President of Alanya Industrialists' and Businessmen's Association (ALS\u0130AD), covers Burdur and Isparta as well as Antalya.        <\/div>\r\n        \t\t\r\n        <\/div>\r\n\t    <\/li>\r\n\t   \r\n\t\t\t\r\n\t\t<li>\r\n\t\t<div class=\"carousel_post format_image\">\r\n\r\n\t\t<div class=\"post_format_box\">\r\n\t\t\r\n\t\t\t\t\r\n\t\t\t\t<div class=\"image_format\"><\/div>\r\n\t\t\t\t\r\n\t\t\t\t\r\n\t\t\t\t\r\n        <\/div>\r\n\t\t\r\n\r\n\t\t\r\n\t\t\t\t\r\n\t\t\r\n\t\t\r\n\t\t\r\n\t\t\t\t\r\n\t    <div class=\"slider_format\">\r\n\t    <ul class=\"slides\">\r\n\t    \t\t\t    <li>\r\n\t            <img decoding=\"async\" src=\"https:\/\/alikamburoglu.com.tr\/wp-content\/uploads\/2021\/06\/2-280x180.jpg\"\/>\r\n\t    <\/li>\t\r\n        \t    \t\t<li>\r\n\t            <img decoding=\"async\" src=\"https:\/\/alikamburoglu.com.tr\/wp-content\/uploads\/2021\/06\/3-1-280x180.jpg\"\/>\r\n\t    <\/li>\t\r\n        \t    \t\t<li>\r\n\t            <img decoding=\"async\" src=\"https:\/\/alikamburoglu.com.tr\/wp-content\/uploads\/2021\/06\/4-1-280x180.jpg\"\/>\r\n\t    <\/li>\r\n        \t            <\/ul>\r\n        <\/div>\r\n\t\t\t\t\r\n\t\t\r\n\t\t\r\n\t\t\t\t<div class=\"clear\"><\/div>\r\n\t\t\r\n\t\t<h1><a href=\"https:\/\/alikamburoglu.com.tr\/en\/haberler\/alsiad-12-donem-yonetim-kurulu-n-dan-protokol-ziyaretleri\/\" title=\"Protocol Visits from the 12th Term Board of Directors of ALS\u0130AD\" >Protocol Visits from the 12th Term Board of Directors of ALS\u0130AD &raquo;<\/a><\/h1>\r\n\t  \r\n\t    <div class=\"post_meta_line\" style=\"\">\r\n\t\t    <span class=\"post_time\">Date: 14\/06\/21<\/span> \r\n\t\t\t<span class=\"post_category\">In: <a href=\"https:\/\/alikamburoglu.com.tr\/en\/category\/haberler\/\" rel=\"tag\">News<\/a>, <a href=\"https:\/\/alikamburoglu.com.tr\/en\/category\/one-cikan\/\" rel=\"tag\">Featured<\/a><\/span>\r\n\t\t<\/div> \r\n\t\t\r\n\t\t\t\t\t    <div class=\"post_excerpt\">\r\n\t    (Turkish) ALS\u0130AD 12. D\u00f6nem Y\u00f6netim Kurulu\u2019 ndan Protokol Ziyaretleri.        <\/div>\r\n        \t\t\r\n        <\/div>\r\n\t    <\/li>\r\n\t   \r\n\t<\/ul>\r\n<\/div>\r\n<div class=\"clear\"><\/div>\r\n\r\n \t\r\n<div class=\"home_posts_container\">\r\n<div class=\"home_posts_title\" style=\"background-color: #ff8a00;\"><h2>\r\n<a href=\"?cat=3\">Blog<\/a>\r\n<\/h2><a href=\"?cat=3\"><span><\/span><\/a><\/div>\r\n\r\n\t\t\r\n\t\t<div class=\"home_posts_one format_post\">\r\n\r\n\t\t<div class=\"post_format_box\">\r\n\t\t\r\n\t\t\t\t<div class=\"post_format\"><\/div>\r\n        \t\t\r\n\t\t\t\t\r\n\t\t\t\t\r\n\t\t\t\t\r\n        <\/div>\r\n\t\t\r\n\r\n\t\t\r\n\t\t\t\t\t\t\t\t\r\n\t\t\r\n        <a href=\"https:\/\/alikamburoglu.com.tr\/en\/blog\/kolomboda-erasmus\/\" title=\"Erasmus in Colombo\">\r\n\t\t        <img decoding=\"async\" src=\"https:\/\/alikamburoglu.com.tr\/wp-content\/uploads\/2021\/09\/co7-280x180.jpg\" alt=\"Erasmus in Colombo\" title=\"Erasmus in Colombo\"\/>\r\n        <\/a>\r\n\t\t\r\n        \t\t\t\t\r\n\t\t\r\n\t\t\r\n\t\t\t\t\r\n\t\t\r\n\t\t\r\n\t\t\t\t\r\n\t\t\r\n\t\t\r\n\t\t\t\t\r\n\t\t\r\n\t\t<h1><a href=\"https:\/\/alikamburoglu.com.tr\/en\/blog\/kolomboda-erasmus\/\" title=\"Erasmus in Colombo\" >Erasmus in Colombo &raquo;<\/a><\/h1>\r\n\t  \r\n\t    <div class=\"post_meta_line\" style=\"\">\r\n\t\t    <span class=\"post_time\">Date: 11\/09\/21<\/span> \r\n\t\t\t<span class=\"post_category\">In: <a href=\"https:\/\/alikamburoglu.com.tr\/en\/category\/blog\/\" rel=\"tag\">Blog<\/a><\/span>\r\n\t\t<\/div> \r\n\t\t\r\n\t\t\t\t\t\r\n\t    <div class=\"post_excerpt\">\r\n\t    The Erasmus Programme offers the possibility of studying abroad for between 3 months and 1 year, with scholarships, grants, and transferable tuition.        <\/div>\r\n\t\r\n        \r\n\t    <p class=\"home_tags\" style=\"\">\r\n\t\t\t\t<\/p>\r\n\t\t\r\n       <\/div>\r\n\t   \r\n\t  \r\n\t\t<div class=\"home_posts_one format_post\">\r\n\r\n\t\t<div class=\"post_format_box\">\r\n\t\t\r\n\t\t\t\t<div class=\"post_format\"><\/div>\r\n        \t\t\r\n\t\t\t\t\r\n\t\t\t\t\r\n\t\t\t\t\r\n        <\/div>\r\n\t\t\r\n\r\n\t\t\r\n\t\t\t\t\t\t\t\t\r\n\t\t\r\n        <a href=\"https:\/\/alikamburoglu.com.tr\/en\/blog\/sri-lanka-turkiye-ticari-iliskileri\/\" title=\"Sri Lanka-Turkey Trade Relations\">\r\n\t\t        <img decoding=\"async\" src=\"https:\/\/alikamburoglu.com.tr\/wp-content\/uploads\/2021\/09\/commercial-relations-280x180.jpg\" alt=\"Sri Lanka-Turkey Trade Relations\" title=\"Sri Lanka-Turkey Trade Relations\"\/>\r\n        <\/a>\r\n\t\t\r\n        \t\t\t\t\r\n\t\t\r\n\t\t\r\n\t\t\t\t\r\n\t\t\r\n\t\t\r\n\t\t\t\t\r\n\t\t\r\n\t\t\r\n\t\t\t\t\r\n\t\t\r\n\t\t<h1><a href=\"https:\/\/alikamburoglu.com.tr\/en\/blog\/sri-lanka-turkiye-ticari-iliskileri\/\" title=\"Sri Lanka-Turkey Trade Relations\" >Sri Lanka-Turkey Trade Relations &raquo;<\/a><\/h1>\r\n\t  \r\n\t    <div class=\"post_meta_line\" style=\"\">\r\n\t\t    <span class=\"post_time\">Date: 10\/09\/21<\/span> \r\n\t\t\t<span class=\"post_category\">In: <a href=\"https:\/\/alikamburoglu.com.tr\/en\/category\/blog\/\" rel=\"tag\">Blog<\/a><\/span>\r\n\t\t<\/div> \r\n\t\t\r\n\t\t\t\t\t\r\n\t    <div class=\"post_excerpt\">\r\n\t    The strategic location of Sri Lanka has attracted many countries and has created great opportunities in the spheres of the trade. Currently trade volume between the countries is around 180 million US $ which has not reflected friendship, brotherhood and closeness between people and political hierarchy of the Sri Lanka and Turkey.        <\/div>\r\n\t\r\n        \r\n\t    <p class=\"home_tags\" style=\"\">\r\n\t\t\t\t<\/p>\r\n\t\t\r\n       <\/div>\r\n\t   \r\n\t  \r\n\t\t<div class=\"home_posts_one format_post\">\r\n\r\n\t\t<div class=\"post_format_box\">\r\n\t\t\r\n\t\t\t\t<div class=\"post_format\"><\/div>\r\n        \t\t\r\n\t\t\t\t\r\n\t\t\t\t\r\n\t\t\t\t\r\n        <\/div>\r\n\t\t\r\n\r\n\t\t\r\n\t\t\t\t\t\t\t\t\r\n\t\t\r\n        <a href=\"https:\/\/alikamburoglu.com.tr\/en\/blog\/sri-lanka-turkiye-siyasi-iliskileri\/\" title=\"Sri Lanka-Turkey Political Relations\">\r\n\t\t        <img decoding=\"async\" src=\"https:\/\/alikamburoglu.com.tr\/wp-content\/uploads\/2021\/09\/bilateral_relations-280x180.jpg\" alt=\"Sri Lanka-Turkey Political Relations\" title=\"Sri Lanka-Turkey Political Relations\"\/>\r\n        <\/a>\r\n\t\t\r\n        \t\t\t\t\r\n\t\t\r\n\t\t\r\n\t\t\t\t\r\n\t\t\r\n\t\t\r\n\t\t\t\t\r\n\t\t\r\n\t\t\r\n\t\t\t\t\r\n\t\t\r\n\t\t<h1><a href=\"https:\/\/alikamburoglu.com.tr\/en\/blog\/sri-lanka-turkiye-siyasi-iliskileri\/\" title=\"Sri Lanka-Turkey Political Relations\" >Sri Lanka-Turkey Political Relations &raquo;<\/a><\/h1>\r\n\t  \r\n\t    <div class=\"post_meta_line\" style=\"\">\r\n\t\t    <span class=\"post_time\">Date: 10\/09\/21<\/span> \r\n\t\t\t<span class=\"post_category\">In: <a href=\"https:\/\/alikamburoglu.com.tr\/en\/category\/blog\/\" rel=\"tag\">Blog<\/a>, <a href=\"https:\/\/alikamburoglu.com.tr\/en\/category\/one-cikan\/\" rel=\"tag\">Featured<\/a><\/span>\r\n\t\t<\/div> \r\n\t\t\r\n\t\t\t\t\t\r\n\t    <div class=\"post_excerpt\">\r\n\t    Sri Lanka and Turkey relations have a deep history dating back to the 19th century and currently enjoy extremely friendly brotherly relations and continue to flourish and strengthen to the benefit of peoples of the two countries.        <\/div>\r\n\t\r\n        \r\n\t    <p class=\"home_tags\" style=\"\">\r\n\t\t\t\t<\/p>\r\n\t\t\r\n       <\/div>\r\n\t   \r\n\t  \t  \r\n<\/div>\r\n<div class=\"clear\"><\/div>\r\n\r\n<\/p>\n","protected":false},"excerpt":{"rendered":"<p><strong>Overview<\/strong><\/p>\n<p>Sri Lanka and Turkey relations have a deep history dating back to the 19th century and currently enjoy extremely friendly brotherly relations<\/p>\n","protected":false},"author":1,"featured_media":0,"parent":0,"menu_order":0,"comment_status":"closed","ping_status":"closed","template":"home.php","meta":{"footnotes":""},"_links":{"self":[{"href":"https:\/\/alikamburoglu.com.tr\/en\/wp-json\/wp\/v2\/pages\/10"}],"collection":[{"href":"https:\/\/alikamburoglu.com.tr\/en\/wp-json\/wp\/v2\/pages"}],"about":[{"href":"https:\/\/alikamburoglu.com.tr\/en\/wp-json\/wp\/v2\/types\/page"}],"author":[{"embeddable":true,"href":"https:\/\/alikamburoglu.com.tr\/en\/wp-json\/wp\/v2\/users\/1"}],"replies":[{"embeddable":true,"href":"https:\/\/alikamburoglu.com.tr\/en\/wp-json\/wp\/v2\/comments?post=10"}],"version-history":[{"count":2,"href":"https:\/\/alikamburoglu.com.tr\/en\/wp-json\/wp\/v2\/pages\/10\/revisions"}],"predecessor-version":[{"id":67,"href":"https:\/\/alikamburoglu.com.tr\/en\/wp-json\/wp\/v2\/pages\/10\/revisions\/67"}],"wp:attachment":[{"href":"https:\/\/alikamburoglu.com.tr\/en\/wp-json\/wp\/v2\/media?parent=10"}],"curies":[{"name":"wp","href":"https:\/\/api.w.org\/{rel}","templated":true}]}}